{"id":17,"date":"2023-11-01T17:17:33","date_gmt":"2023-11-01T17:17:33","guid":{"rendered":"https:\/\/archikouidich.com\/?page_id=17"},"modified":"2023-11-22T14:50:17","modified_gmt":"2023-11-22T14:50:17","slug":"contact","status":"publish","type":"page","link":"https:\/\/archikouidich.com\/fr\/contact\/","title":{"rendered":"Contactez-nous"},"content":{"rendered":"<section class=\"section\" id=\"section_1101044788\">\n\t\t<div class=\"bg section-bg fill bg-fill\" >\n\n\t\t\t\n\t\t\t\n\t\t\t\n\n\t\t<\/div>\n\n\t\t\n\n\t\t<div class=\"section-content relative\">\n\t\t\t\n\t<div id=\"gap-284590804\" class=\"gap-element clearfix\" style=\"display:block; height:auto;\">\n\t\t\n<style>\n#gap-284590804 {\n  padding-top: 30px;\n}\n<\/style>\n\t<\/div>\n\t\n<div class=\"row row-collapse align-equal align-center\"  id=\"row-1261478688\">\n\n\t<div id=\"col-1885125857\" class=\"col small-12 large-12\"  >\n\t\t\t\t<div class=\"col-inner text-center box-shadow-2\"  >\n\t\t\t\n\t\t\t\n<div class=\"row row-collapse align-equal align-center\"  id=\"row-1323087309\">\n\n\t<div id=\"col-1027053849\" class=\"col medium-12 small-12 large-6 small-col-first\"  >\n\t\t\t\t<div class=\"col-inner text-left\"  >\n\t\t\t\n\t\t\t\n\t<div id=\"text-3064109083\" class=\"text\">\n\t\t\n<h1><span style=\"color: #000000; font-size: 110%;\"><strong>Abonnez-vous pour des offres exclusives<\/strong><\/span><\/h1>\n\t\t\n<style>\n#text-3064109083 {\n  text-align: center;\n}\n<\/style>\n\t<\/div>\n\t\n\t<div id=\"gap-560349597\" class=\"gap-element clearfix\" style=\"display:block; height:auto;\">\n\t\t\n<style>\n#gap-560349597 {\n  padding-top: 10px;\n}\n<\/style>\n\t<\/div>\n\t\n<div id=\"cf7cstmzr-form\" class=\"cf7cstmzr-form-25 cf7cstmzr-form\">\n<div class=\"wpcf7 no-js\" id=\"wpcf7-f25-o1\" lang=\"en-US\" dir=\"ltr\">\n<div class=\"screen-reader-response\"><p role=\"status\" aria-live=\"polite\" aria-atomic=\"true\"><\/p> <ul><\/ul><\/div>\n<form action=\"\/fr\/wp-json\/wp\/v2\/pages\/17#wpcf7-f25-o1\" method=\"post\" class=\"wpcf7-form init\" aria-label=\"Contact form\" novalidate=\"novalidate\" data-status=\"init\" data-trp-original-action=\"\/fr\/wp-json\/wp\/v2\/pages\/17#wpcf7-f25-o1\">\n<div style=\"display: none;\">\n<input type=\"hidden\" name=\"_wpcf7\" value=\"25\" \/>\n<input type=\"hidden\" name=\"_wpcf7_version\" value=\"5.9\" \/>\n<input type=\"hidden\" name=\"_wpcf7_locale\" value=\"en_US\" \/>\n<input type=\"hidden\" name=\"_wpcf7_unit_tag\" value=\"wpcf7-f25-o1\" \/>\n<input type=\"hidden\" name=\"_wpcf7_container_post\" value=\"0\" \/>\n<input type=\"hidden\" name=\"_wpcf7_posted_data_hash\" value=\"\" \/>\n<\/div>\n<div class=\"uacf7-form-25\"><div class=\"form-flat\">\n<div class=\"uacf7-row\"><div class=\"uacf7-col-6\"> <label> nom <span class=\"wpcf7-form-control-wrap\" data-name=\"FirstName\"><input size=\"40\" class=\"wpcf7-form-control wpcf7-text wpcf7-validates-as-required\" aria-required=\"true\" aria-invalid=\"false\" placeholder=\"Nom\" value=\"\" type=\"text\" name=\"FirstName\" \/><\/span> <\/label> <\/div><div class=\"uacf7-col-6\"> <label> e-mail <span class=\"wpcf7-form-control-wrap\" data-name=\"your-email\"><input size=\"40\" class=\"wpcf7-form-control wpcf7-email wpcf7-validates-as-required wpcf7-text wpcf7-validates-as-email\" aria-required=\"true\" aria-invalid=\"false\" placeholder=\"e-mail\" value=\"\" type=\"email\" name=\"your-email\" \/><\/span> <\/label> <\/div><\/div>\n\n\n<label> T\u00e9l\u00e9phone \n<span class=\"wpcf7-form-control-wrap\" data-name=\"phonetext-212\"><input size=\"40\" class=\"wpcf7-form-control wpcf7-phonetext wpcf7-validates-as-required wpcf7-text wpcf7-validates-as-phonetext\" aria-required=\"true\" aria-invalid=\"false\" value=\"\" type=\"text\" name=\"phonetext-212\" \/><input type=\"hidden\" name=\"phonetext-212-country-code\" class=\"wpcf7-phonetext-country-code\" \/><\/span><\/label> \n\n \n<label> Sujet\n    <span class=\"wpcf7-form-control-wrap\" data-name=\"your-subject\"><input size=\"40\" class=\"wpcf7-form-control wpcf7-text wpcf7-validates-as-required\" aria-required=\"true\" aria-invalid=\"false\" placeholder=\"Sujet\" value=\"\" type=\"text\" name=\"your-subject\" \/><\/span> <\/label>\n\n<label> Message (optionnel)\n    <span class=\"wpcf7-form-control-wrap\" data-name=\"your-message\"><textarea cols=\"40\" rows=\"10\" class=\"wpcf7-form-control wpcf7-textarea\" aria-invalid=\"false\" placeholder=\"Message\" name=\"your-message\"><\/textarea><\/span> <\/label>\n\n<input class=\"wpcf7-form-control wpcf7-submit has-spinner\" type=\"submit\" value=\"Soumettre\" \/>\n\n<\/div><\/div><div class=\"wpcf7-response-output\" aria-hidden=\"true\"><\/div>\n<input type=\"hidden\" name=\"trp-form-language\" value=\"fr\"\/><\/form>\n<\/div>\n<\/div>\n\t\t<\/div>\n\t\t\t\t\n<style>\n#col-1027053849 > .col-inner {\n  padding: 50px 30px 10px 30px;\n}\n@media (min-width:550px) {\n  #col-1027053849 > .col-inner {\n    padding: 60px 70px 30px 70px;\n  }\n}\n<\/style>\n\t<\/div>\n\n\t\n\n\t<div id=\"col-2078913693\" class=\"col medium-12 small-12 large-6\"  >\n\t\t\t\t<div class=\"col-inner text-left\"  >\n\t\t\t\n\t\t\t\n\t<div id=\"text-2958908914\" class=\"text\">\n\t\t\n<h1><span style=\"color: #000000;\"><strong>Contactez-nous d\u00e8s aujourd'hui et transformez votre vision en r\u00e9alit\u00e9.<\/strong><\/span><\/h1>\n<p>\u00a0<\/p>\n<p><a href=\"https:\/\/archikouidich.com\/wp-content\/uploads\/2023\/11\/icons8_phone-01.svg\"><img loading=\"lazy\" decoding=\"async\" class=\"wp-image-104 alignleft\" src=\"https:\/\/archikouidich.com\/wp-content\/uploads\/2023\/11\/icons8_phone-01.svg\" alt=\"\" width=\"28\" height=\"28\" \/><\/a><span style=\"color: #000000;\"><strong>+212(0) 525963190 \/ +212(0) 662671215 \/ +212(0) 631212172<\/strong><\/span><\/p>\n<p><a href=\"https:\/\/archikouidich.com\/wp-content\/uploads\/2023\/11\/icons8_email_open-01.svg\"><img loading=\"lazy\" decoding=\"async\" class=\"wp-image-105 alignleft\" src=\"https:\/\/archikouidich.com\/wp-content\/uploads\/2023\/11\/icons8_email_open-01.svg\" alt=\"\" width=\"36\" height=\"36\" \/><\/a><\/p>\n<p><strong><span style=\"color: #000000;\">contact@archikouidich.com \/ admin@archikouidich.com<\/span><\/strong><\/p>\n<p><img loading=\"lazy\" decoding=\"async\" class=\"alignnone  wp-image-109\" src=\"https:\/\/archikouidich.com\/wp-content\/uploads\/2023\/11\/icons8_location-01.svg\" alt=\"\" width=\"43\" height=\"43\" \/> <span style=\"color: #000000;\"><strong>Ext Av Allal El Fassi Al Manar Atlassi Izdihar 2 Imm Les Cr\u00e9tes N\u00b010 - Marrakech<\/strong><\/span><\/p>\n<p><img loading=\"lazy\" decoding=\"async\" class=\"alignnone  wp-image-110\" src=\"https:\/\/archikouidich.com\/wp-content\/uploads\/2023\/11\/icons8_clock-01.svg\" alt=\"\" width=\"36\" height=\"36\" \/><span style=\"color: #000000;\"><strong>Lundi au vendredi : 09h00 \u00e0 17h00 \/ Samedi : 09h00 \u00e0 13h00<\/strong><\/span><\/p>\n<p>\u00a0<\/p>\n\t\t\n<style>\n#text-2958908914 {\n  text-align: center;\n}\n@media (min-width:850px) {\n  #text-2958908914 {\n    text-align: left;\n  }\n}\n<\/style>\n\t<\/div>\n\t\n\t\t<\/div>\n\t\t\t\t\n<style>\n#col-2078913693 > .col-inner {\n  padding: 60px 70px 30px 70px;\n}\n<\/style>\n\t<\/div>\n\n\t\n<\/div>\n\t\t<\/div>\n\t\t\t\t\n<style>\n#col-1885125857 > .col-inner {\n  border-radius: 55px;\n}\n<\/style>\n\t<\/div>\n\n\t\n\n<style>\n#row-1261478688 > .col > .col-inner {\n  background-color: rgba(255, 255, 255, 0.948);\n  border-radius: 100px;\n}\n<\/style>\n<\/div>\n\t\t<\/div>\n\n\t\t\n<style>\n#section_1101044788 {\n  padding-top: 60px;\n  padding-bottom: 60px;\n}\n#section_1101044788 .section-bg.bg-loaded {\n  background-image: url(https:\/\/archikouidich.com\/wp-content\/uploads\/2023\/11\/66310.jpg);\n}\n#section_1101044788 .section-bg {\n  background-position: 51% 100%;\n}\n@media (min-width:850px) {\n  #section_1101044788 {\n    padding-top: 18px;\n    padding-bottom: 18px;\n  }\n}\n<\/style>\n\t<\/section>\n\t\n\t<section class=\"section\" id=\"section_2077967459\">\n\t\t<div class=\"bg section-bg fill bg-fill  bg-loaded\" >\n\n\t\t\t\n\t\t\t\n\t\t\t\n\n\t\t<\/div>\n\n\t\t\n\n\t\t<div class=\"section-content relative\">\n\t\t\t\n<div class=\"row row-full-width align-center\"  id=\"row-228791676\">\n\n\t<div id=\"col-228223501\" class=\"col small-12 large-12\"  >\n\t\t\t\t<div class=\"col-inner text-center\"  >\n\t\t\t\n\t\t\t\n\n<p><iframe src=\"https:\/\/www.google.com\/maps\/embed?pb=!1m18!1m12!1m3!1d3395.5122315306926!2d-8.02869672438227!3d31.674561974143746!2m3!1f0!2f0!3f0!3m2!1i1024!2i768!4f13.1!3m3!1m2!1s0xdafedea23deeb1f%3A0xec3fbe154d3e1f56!2sHicham%20kouidich!5e0!3m2!1sen!2sma!4v1700663577427!5m2!1sen!2sma\" width= \"100%\" height=\"500\" style=\"border:0;\" allowfullscreen=\"\" loading=\"lazy\" referrerpolicy=\"no-referrer-when-downgrade\"><\/iframe><br \/>\n\n\t\t<\/div>\n\t\t\t\t\t<\/div>\n\n\t\n<\/div>\n\t\t<\/div>\n\n\t\t\n<style>\n#section_2077967459 {\n  padding-top: 30px;\n  padding-bottom: 30px;\n}\n<\/style>\n\t<\/section>","protected":false},"excerpt":{"rendered":"","protected":false},"author":1,"featured_media":0,"parent":0,"menu_order":0,"comment_status":"closed","ping_status":"closed","template":"page-blank.php","meta":{"footnotes":""},"class_list":["post-17","page","type-page","status-publish","hentry"],"_links":{"self":[{"href":"https:\/\/archikouidich.com\/fr\/wp-json\/wp\/v2\/pages\/17","targetHints":{"allow":["GET"]}}],"collection":[{"href":"https:\/\/archikouidich.com\/fr\/wp-json\/wp\/v2\/pages"}],"about":[{"href":"https:\/\/archikouidich.com\/fr\/wp-json\/wp\/v2\/types\/page"}],"author":[{"embeddable":true,"href":"https:\/\/archikouidich.com\/fr\/wp-json\/wp\/v2\/users\/1"}],"replies":[{"embeddable":true,"href":"https:\/\/archikouidich.com\/fr\/wp-json\/wp\/v2\/comments?post=17"}],"version-history":[{"count":6,"href":"https:\/\/archikouidich.com\/fr\/wp-json\/wp\/v2\/pages\/17\/revisions"}],"predecessor-version":[{"id":558,"href":"https:\/\/archikouidich.com\/fr\/wp-json\/wp\/v2\/pages\/17\/revisions\/558"}],"wp:attachment":[{"href":"https:\/\/archikouidich.com\/fr\/wp-json\/wp\/v2\/media?parent=17"}],"curies":[{"name":"wp","href":"https:\/\/api.w.org\/{rel}","templated":true}]}}