{"id":312,"date":"2023-11-13T18:08:48","date_gmt":"2023-11-13T18:08:48","guid":{"rendered":"https:\/\/archikouidich.com\/?page_id=312"},"modified":"2023-11-14T23:40:16","modified_gmt":"2023-11-14T23:40:16","slug":"immeubles","status":"publish","type":"page","link":"https:\/\/archikouidich.com\/fr\/immeubles\/","title":{"rendered":"Immeubles"},"content":{"rendered":"<div id=\"text-1302326103\" class=\"text\">\n\t\t\n<h1><span style=\"color: #f99b1c; font-size: 140%;\"><strong>Immeubles<\/strong><\/span><\/h1>\n<p>Archi kouidich est une agence d'architecture bas\u00e9e \u00e0 Marrakech au Maroc, sp\u00e9cialis\u00e9e dans la conception de b\u00e2timents r\u00e9sidentiels et commerciaux. L'entreprise a \u00e9t\u00e9 fond\u00e9e par Hicham Kouidich et, sous sa direction visionnaire, Archikouidich s'est impos\u00e9e comme un acteur incontournable du paysage architectural. En mettant l\u2019accent sur la cr\u00e9ation d\u2019espaces innovants et durables, Archikouidich apporte une richesse d\u2019expertise \u00e0 l\u2019industrie. Des villas de style californien pour les particuliers aux palais arabo-mauresques pour les clients internationaux, Archikouidich excelle dans la fourniture de solutions sur mesure qui r\u00e9pondent aux besoins et pr\u00e9f\u00e9rences uniques de sa client\u00e8le diversifi\u00e9e. L\u2019engagement du cabinet envers la qualit\u00e9, la cr\u00e9ativit\u00e9 et le d\u00e9passement des attentes a positionn\u00e9 Archikouidich comme un choix incontournable pour ceux qui recherchent l\u2019excellence architecturale \u00e0 Marrakech et au-del\u00e0.<\/p>\n\t\t\n<style>\n#text-1302326103 {\n  text-align: center;\n}\n<\/style>\n\t<\/div>\n\t\n\t<div id=\"text-2228045961\" class=\"text\">\n\t\t\n<div class=\"rbs_shortcode\"><style type=\"text\/css\" scoped>.rbs_gallery_69d6b81a2fb2dSpinner{\r\n\t\t\t\tmargin: 50px auto;\r\n\t\t\t\twidth: 50px;\r\n\t\t\t\theight: 40px;\r\n\t\t\t\ttext-align: center;\r\n\t\t\t\tfont-size: 10px;\r\n\t\t\t}\r\n\t\t\t.rbs_gallery_69d6b81a2fb2dSpinner > div{\r\n\t\t\t  background-color: #333;\r\n\t\t\t  height: 100%;\r\n\t\t\t  width: 6px;\r\n\t\t\t  display: inline-block;\r\n\t\t\t  -webkit-animation: rbs_gallery_69d6b81a2fb2d-stretchdelay 1.2s infinite ease-in-out;\r\n\t\t\t  animation: rbs_gallery_69d6b81a2fb2d-stretchdelay 1.2s infinite ease-in-out;\r\n\t\t\t}\r\n\t\t\t.rbs_gallery_69d6b81a2fb2dSpinner .rbs_gallery_69d6b81a2fb2dRect2 {\r\n\t\t\t  -webkit-animation-delay: -1.1s;\r\n\t\t\t  animation-delay: -1.1s;\r\n\t\t\t}\r\n\t\t\t.rbs_gallery_69d6b81a2fb2dSpinner .rbs_gallery_69d6b81a2fb2dRect3 {\r\n\t\t\t  -webkit-animation-delay: -1.0s;\r\n\t\t\t  animation-delay: -1.0s;\r\n\t\t\t}\r\n\t\t\t.rbs_gallery_69d6b81a2fb2dSpinner .rbs_gallery_69d6b81a2fb2dRect4 {\r\n\t\t\t  -webkit-animation-delay: -0.9s;\r\n\t\t\t  animation-delay: -0.9s;\r\n\t\t\t}\r\n\t\t\t.rbs_gallery_69d6b81a2fb2dSpinner .rbs_gallery_69d6b81a2fb2dRect5 {\r\n\t\t\t  -webkit-animation-delay: -0.8s;\r\n\t\t\t  animation-delay: -0.8s;\r\n\t\t\t}\r\n\t\t\t@-webkit-keyframes rbs_gallery_69d6b81a2fb2d-stretchdelay {\r\n\t\t\t  0%, 40%, 100% { -webkit-transform: scaleY(0.4) }  \r\n\t\t\t  20% { -webkit-transform: scaleY(1.0) }\r\n\t\t\t}\r\n\t\t\t@keyframes rbs_gallery_69d6b81a2fb2d-stretchdelay {\r\n\t\t\t  0%, 40%, 100% { \r\n\t\t\t    transform: scaleY(0.4);\r\n\t\t\t    -webkit-transform: scaleY(0.4);\r\n\t\t\t  }  20% { \r\n\t\t\t    transform: scaleY(1.0);\r\n\t\t\t    -webkit-transform: scaleY(1.0);\r\n\t\t\t  }\r\n\t\t\t}\r\n\t\t<\/style><div class=\"robo-gallery-wrap robo-gallery-wrap-id288 robo-gallery-masonry\" ><div id=\"rbs_gallery_69d6b81a2fb2d-block-loader\" class=\"rbs_gallery_69d6b81a2fb2dSpinner\"><div class=\"rbs_gallery_69d6b81a2fb2dRect1\"><\/div> <div class=\"rbs_gallery_69d6b81a2fb2dRect2\"><\/div> <div class=\"rbs_gallery_69d6b81a2fb2dRect3\"><\/div> <div class=\"rbs_gallery_69d6b81a2fb2dRect4\"><\/div> <div class=\"rbs_gallery_69d6b81a2fb2dRect5\"><\/div><\/div><div id=\"robo_gallery_main_block_rbs_gallery_69d6b81a2fb2d\" class=\"robogallery-gallery-288\" style=\"width:100%;margin:0 auto;  display: none;\"><div id=\"rbs_gallery_69d6b81a2fb2d\" data-options=\"rbs_gallery_69d6b81a2fb2d\" style=\"width:100%;\" class=\"robo_gallery\"><div class=\"rbs-img  category288\" ><div class=\"rbs-img-image\" ><div class=\"rbs-img-thumbs\"  data-thumbnail=\"https:\/\/archikouidich.com\/wp-content\/uploads\/2023\/11\/1-3-600x1024.jpg\"  title=\"1\"  data-width=\"600\"  data-height=\"1024\" ><\/div><div class=\"rbs-img-data-popup\"  data-popup=\"https:\/\/archikouidich.com\/wp-content\/uploads\/2023\/11\/1-3-scaled.jpg\"  title=\"1\" ><\/div><div class=\"thumbnail-overlay\"><\/div><\/div><\/div><div class=\"rbs-img  category288\" ><div class=\"rbs-img-image\" ><div class=\"rbs-img-thumbs\"  data-thumbnail=\"https:\/\/archikouidich.com\/wp-content\/uploads\/2023\/11\/1-1-2-scaled.jpg\"  title=\"1-1\"  data-width=\"2560\"  data-height=\"1440\" ><\/div><div class=\"rbs-img-data-popup\"  data-popup=\"https:\/\/archikouidich.com\/wp-content\/uploads\/2023\/11\/1-1-2-scaled.jpg\"  title=\"1-1\" ><\/div><div class=\"thumbnail-overlay\"><\/div><\/div><\/div><div class=\"rbs-img  category288\" ><div class=\"rbs-img-image\" ><div class=\"rbs-img-thumbs\"  data-thumbnail=\"https:\/\/archikouidich.com\/wp-content\/uploads\/2023\/11\/2-B-1-600x1024.jpg\"  title=\"2 B\"  data-width=\"600\"  data-height=\"1024\" ><\/div><div class=\"rbs-img-data-popup\"  data-popup=\"https:\/\/archikouidich.com\/wp-content\/uploads\/2023\/11\/2-B-1.jpg\"  title=\"2 B\" ><\/div><div class=\"thumbnail-overlay\"><\/div><\/div><\/div><div class=\"rbs-img  category288\" ><div class=\"rbs-img-image\" ><div class=\"rbs-img-thumbs\"  data-thumbnail=\"https:\/\/archikouidich.com\/wp-content\/uploads\/2023\/11\/2-image-render-1-600x1024.jpg\"  title=\"2 image render\"  data-width=\"600\"  data-height=\"1024\" ><\/div><div class=\"rbs-img-data-popup\"  data-popup=\"https:\/\/archikouidich.com\/wp-content\/uploads\/2023\/11\/2-image-render-1-scaled.jpg\"  title=\"2 image render\" ><\/div><div class=\"thumbnail-overlay\"><\/div><\/div><\/div><div class=\"rbs-img  category288\" ><div class=\"rbs-img-image\" ><div class=\"rbs-img-thumbs\"  data-thumbnail=\"https:\/\/archikouidich.com\/wp-content\/uploads\/2023\/11\/2-600x1024.jpg\"  title=\"2\"  data-width=\"600\"  data-height=\"1024\" ><\/div><div class=\"rbs-img-data-popup\"  data-popup=\"https:\/\/archikouidich.com\/wp-content\/uploads\/2023\/11\/2.jpg\"  title=\"2\" ><\/div><div class=\"thumbnail-overlay\"><\/div><\/div><\/div><div class=\"rbs-img  category288\" ><div class=\"rbs-img-image\" ><div class=\"rbs-img-thumbs\"  data-thumbnail=\"https:\/\/archikouidich.com\/wp-content\/uploads\/2023\/11\/2A-1-600x1024.jpg\"  title=\"2A\"  data-width=\"600\"  data-height=\"1024\" ><\/div><div class=\"rbs-img-data-popup\"  data-popup=\"https:\/\/archikouidich.com\/wp-content\/uploads\/2023\/11\/2A-1-scaled.jpg\"  title=\"2A\" ><\/div><div class=\"thumbnail-overlay\"><\/div><\/div><\/div><div class=\"rbs-img  category288\" ><div class=\"rbs-img-image\" ><div class=\"rbs-img-thumbs\"  data-thumbnail=\"https:\/\/archikouidich.com\/wp-content\/uploads\/2023\/11\/2B-1.jpg\"  title=\"2B\"  data-width=\"2222\"  data-height=\"1250\" ><\/div><div class=\"rbs-img-data-popup\"  data-popup=\"https:\/\/archikouidich.com\/wp-content\/uploads\/2023\/11\/2B-1.jpg\"  title=\"2B\" ><\/div><div class=\"thumbnail-overlay\"><\/div><\/div><\/div><div class=\"rbs-img  category288\" ><div class=\"rbs-img-image\" ><div class=\"rbs-img-thumbs\"  data-thumbnail=\"https:\/\/archikouidich.com\/wp-content\/uploads\/2023\/11\/3-1-600x1024.jpg\"  title=\"3\"  data-width=\"600\"  data-height=\"1024\" ><\/div><div class=\"rbs-img-data-popup\"  data-popup=\"https:\/\/archikouidich.com\/wp-content\/uploads\/2023\/11\/3-1.jpg\"  title=\"3\" ><\/div><div class=\"thumbnail-overlay\"><\/div><\/div><\/div><div class=\"rbs-img  category288\" ><div class=\"rbs-img-image\" ><div class=\"rbs-img-thumbs\"  data-thumbnail=\"https:\/\/archikouidich.com\/wp-content\/uploads\/2023\/11\/3B-1-600x1024.jpg\"  title=\"3B\"  data-width=\"600\"  data-height=\"1024\" ><\/div><div class=\"rbs-img-data-popup\"  data-popup=\"https:\/\/archikouidich.com\/wp-content\/uploads\/2023\/11\/3B-1.jpg\"  title=\"3B\" ><\/div><div class=\"thumbnail-overlay\"><\/div><\/div><\/div><div class=\"rbs-img  category288\" ><div class=\"rbs-img-image\" ><div class=\"rbs-img-thumbs\"  data-thumbnail=\"https:\/\/archikouidich.com\/wp-content\/uploads\/2023\/11\/3d-1-1-600x1024.jpg\"  title=\"3d-1\"  data-width=\"600\"  data-height=\"1024\" ><\/div><div class=\"rbs-img-data-popup\"  data-popup=\"https:\/\/archikouidich.com\/wp-content\/uploads\/2023\/11\/3d-1-1-scaled.jpg\"  title=\"3d-1\" ><\/div><div class=\"thumbnail-overlay\"><\/div><\/div><\/div><div class=\"rbs-img  category288\" ><div class=\"rbs-img-image\" ><div class=\"rbs-img-thumbs\"  data-thumbnail=\"https:\/\/archikouidich.com\/wp-content\/uploads\/2023\/11\/3d-2-1-scaled.jpg\"  title=\"3d-2\"  data-width=\"2560\"  data-height=\"1440\" ><\/div><div class=\"rbs-img-data-popup\"  data-popup=\"https:\/\/archikouidich.com\/wp-content\/uploads\/2023\/11\/3d-2-1-scaled.jpg\"  title=\"3d-2\" ><\/div><div class=\"thumbnail-overlay\"><\/div><\/div><\/div><div class=\"rbs-img  category288\" ><div class=\"rbs-img-image\" ><div class=\"rbs-img-thumbs\"  data-thumbnail=\"https:\/\/archikouidich.com\/wp-content\/uploads\/2023\/11\/3d-3-1-600x1024.jpg\"  title=\"3d-3\"  data-width=\"600\"  data-height=\"1024\" ><\/div><div class=\"rbs-img-data-popup\"  data-popup=\"https:\/\/archikouidich.com\/wp-content\/uploads\/2023\/11\/3d-3-1-scaled.jpg\"  title=\"3d-3\" ><\/div><div class=\"thumbnail-overlay\"><\/div><\/div><\/div><div class=\"rbs-img  category288\" ><div class=\"rbs-img-image\" ><div class=\"rbs-img-thumbs\"  data-thumbnail=\"https:\/\/archikouidich.com\/wp-content\/uploads\/2023\/11\/06-1-600x1024.jpg\"  title=\"06\"  data-width=\"600\"  data-height=\"1024\" ><\/div><div class=\"rbs-img-data-popup\"  data-popup=\"https:\/\/archikouidich.com\/wp-content\/uploads\/2023\/11\/06-1.jpg\"  title=\"06\" ><\/div><div class=\"thumbnail-overlay\"><\/div><\/div><\/div><div class=\"rbs-img  category288\" ><div class=\"rbs-img-image\" ><div class=\"rbs-img-thumbs\"  data-thumbnail=\"https:\/\/archikouidich.com\/wp-content\/uploads\/2023\/11\/A-1-600x1024.jpg\"  title=\"A\"  data-width=\"600\"  data-height=\"1024\" ><\/div><div class=\"rbs-img-data-popup\"  data-popup=\"https:\/\/archikouidich.com\/wp-content\/uploads\/2023\/11\/A-1.jpg\"  title=\"A\" ><\/div><div class=\"thumbnail-overlay\"><\/div><\/div><\/div><div class=\"rbs-img  category288\" ><div class=\"rbs-img-image\" ><div class=\"rbs-img-thumbs\"  data-thumbnail=\"https:\/\/archikouidich.com\/wp-content\/uploads\/2023\/11\/B_3-Photo-1-600x1024.jpg\"  title=\"B_3 - Photo\"  data-width=\"600\"  data-height=\"1024\" ><\/div><div class=\"rbs-img-data-popup\"  data-popup=\"https:\/\/archikouidich.com\/wp-content\/uploads\/2023\/11\/B_3-Photo-1.jpg\"  title=\"B_3 - Photo\" ><\/div><div class=\"thumbnail-overlay\"><\/div><\/div><\/div><div class=\"rbs-img  category288\" ><div class=\"rbs-img-image\" ><div class=\"rbs-img-thumbs\"  data-thumbnail=\"https:\/\/archikouidich.com\/wp-content\/uploads\/2023\/11\/C2-ok-1-600x1024.jpg\"  title=\"C2 ok\"  data-width=\"600\"  data-height=\"1024\" ><\/div><div class=\"rbs-img-data-popup\"  data-popup=\"https:\/\/archikouidich.com\/wp-content\/uploads\/2023\/11\/C2-ok-1.jpg\"  title=\"C2 ok\" ><\/div><div class=\"thumbnail-overlay\"><\/div><\/div><\/div><div class=\"rbs-img  category288\" ><div class=\"rbs-img-image\" ><div class=\"rbs-img-thumbs\"  data-thumbnail=\"https:\/\/archikouidich.com\/wp-content\/uploads\/2023\/11\/E-7-1.jpg\"  title=\"E (7)\"  data-width=\"1920\"  data-height=\"1080\" ><\/div><div class=\"rbs-img-data-popup\"  data-popup=\"https:\/\/archikouidich.com\/wp-content\/uploads\/2023\/11\/E-7-1.jpg\"  title=\"E (7)\" ><\/div><div class=\"thumbnail-overlay\"><\/div><\/div><\/div><div class=\"rbs-img  category288\" ><div class=\"rbs-img-image\" ><div class=\"rbs-img-thumbs\"  data-thumbnail=\"https:\/\/archikouidich.com\/wp-content\/uploads\/2023\/11\/IMG-20220210-WA0030-600x893.jpg\"  title=\"IMG-20220210-WA0030\"  data-width=\"600\"  data-height=\"893\" ><\/div><div class=\"rbs-img-data-popup\"  data-popup=\"https:\/\/archikouidich.com\/wp-content\/uploads\/2023\/11\/IMG-20220210-WA0030.jpg\"  title=\"IMG-20220210-WA0030\" ><\/div><div class=\"thumbnail-overlay\"><\/div><\/div><\/div><div class=\"rbs-img  category288\" ><div class=\"rbs-img-image\" ><div class=\"rbs-img-thumbs\"  data-thumbnail=\"https:\/\/archikouidich.com\/wp-content\/uploads\/2023\/11\/IMM-R3-DERRAZ-38-1-600x1024.jpg\"  title=\"IMM R+3 DERRAZ 38\"  data-width=\"600\"  data-height=\"1024\" ><\/div><div class=\"rbs-img-data-popup\"  data-popup=\"https:\/\/archikouidich.com\/wp-content\/uploads\/2023\/11\/IMM-R3-DERRAZ-38-1.jpg\"  title=\"IMM R+3 DERRAZ 38\" ><\/div><div class=\"thumbnail-overlay\"><\/div><\/div><\/div><div class=\"rbs-img  category288\" ><div class=\"rbs-img-image\" ><div class=\"rbs-img-thumbs\"  data-thumbnail=\"https:\/\/archikouidich.com\/wp-content\/uploads\/2023\/11\/IMM-R5-GUELIZ-1-600x1024.jpg\"  title=\"IMM R+5 GUELIZ\"  data-width=\"600\"  data-height=\"1024\" ><\/div><div class=\"rbs-img-data-popup\"  data-popup=\"https:\/\/archikouidich.com\/wp-content\/uploads\/2023\/11\/IMM-R5-GUELIZ-1.jpg\"  title=\"IMM R+5 GUELIZ\" ><\/div><div class=\"thumbnail-overlay\"><\/div><\/div><\/div><div class=\"rbs-img  category288\" ><div class=\"rbs-img-image\" ><div class=\"rbs-img-thumbs\"  data-thumbnail=\"https:\/\/archikouidich.com\/wp-content\/uploads\/2023\/11\/plateaux-bur-R4-izdihar-1-scaled.jpg\"  title=\"plateaux bur R+4 izdihar\"  data-width=\"2560\"  data-height=\"2149\" ><\/div><div class=\"rbs-img-data-popup\"  data-popup=\"https:\/\/archikouidich.com\/wp-content\/uploads\/2023\/11\/plateaux-bur-R4-izdihar-1-scaled.jpg\"  title=\"plateaux bur R+4 izdihar\" ><\/div><div class=\"thumbnail-overlay\"><\/div><\/div><\/div><div class=\"rbs-img  category288\" ><div class=\"rbs-img-image\" ><div class=\"rbs-img-thumbs\"  data-thumbnail=\"https:\/\/archikouidich.com\/wp-content\/uploads\/2023\/11\/R2-PALMIERS-TARGA-1-1-600x1024.jpg\"  title=\"R+2 PALMIERS TARGA -1\"  data-width=\"600\"  data-height=\"1024\" ><\/div><div class=\"rbs-img-data-popup\"  data-popup=\"https:\/\/archikouidich.com\/wp-content\/uploads\/2023\/11\/R2-PALMIERS-TARGA-1-1-scaled.jpg\"  title=\"R+2 PALMIERS TARGA -1\" ><\/div><div class=\"thumbnail-overlay\"><\/div><\/div><\/div><div class=\"rbs-img  category288\" ><div class=\"rbs-img-image\" ><div class=\"rbs-img-thumbs\"  data-thumbnail=\"https:\/\/archikouidich.com\/wp-content\/uploads\/2023\/11\/R2-PALMIERS-TARGA-2-1-600x1024.jpg\"  title=\"R+2 PALMIERS TARGA -2\"  data-width=\"600\"  data-height=\"1024\" ><\/div><div class=\"rbs-img-data-popup\"  data-popup=\"https:\/\/archikouidich.com\/wp-content\/uploads\/2023\/11\/R2-PALMIERS-TARGA-2-1-scaled.jpg\"  title=\"R+2 PALMIERS TARGA -2\" ><\/div><div class=\"thumbnail-overlay\"><\/div><\/div><\/div><div class=\"rbs-img  category288\" ><div class=\"rbs-img-image\" ><div class=\"rbs-img-thumbs\"  data-thumbnail=\"https:\/\/archikouidich.com\/wp-content\/uploads\/2023\/11\/R2-PALMIERS-TARGA-3-1-600x1024.jpg\"  title=\"R+2 PALMIERS TARGA -3\"  data-width=\"600\"  data-height=\"1024\" ><\/div><div class=\"rbs-img-data-popup\"  data-popup=\"https:\/\/archikouidich.com\/wp-content\/uploads\/2023\/11\/R2-PALMIERS-TARGA-3-1-scaled.jpg\"  title=\"R+2 PALMIERS TARGA -3\" ><\/div><div class=\"thumbnail-overlay\"><\/div><\/div><\/div><div class=\"rbs-img  category288\" ><div class=\"rbs-img-image\" ><div class=\"rbs-img-thumbs\"  data-thumbnail=\"https:\/\/archikouidich.com\/wp-content\/uploads\/2023\/11\/R4-okkk.jpg\"  title=\"R+4 okkk\"  data-width=\"1508\"  data-height=\"1080\" ><\/div><div class=\"rbs-img-data-popup\"  data-popup=\"https:\/\/archikouidich.com\/wp-content\/uploads\/2023\/11\/R4-okkk.jpg\"  title=\"R+4 okkk\" ><\/div><div class=\"thumbnail-overlay\"><\/div><\/div><\/div><div class=\"rbs-img  category288\" ><div class=\"rbs-img-image\" ><div class=\"rbs-img-thumbs\"  data-thumbnail=\"https:\/\/archikouidich.com\/wp-content\/uploads\/2023\/11\/R4-PLATEAUXX-BU-IZDIHAR-1-600x1024.jpg\"  title=\"R+4 PLATEAUXX BU IZDIHAR\"  data-width=\"600\"  data-height=\"1024\" ><\/div><div class=\"rbs-img-data-popup\"  data-popup=\"https:\/\/archikouidich.com\/wp-content\/uploads\/2023\/11\/R4-PLATEAUXX-BU-IZDIHAR-1.jpg\"  title=\"R+4 PLATEAUXX BU IZDIHAR\" ><\/div><div class=\"thumbnail-overlay\"><\/div><\/div><\/div><div class=\"rbs-img  category288\" ><div class=\"rbs-img-image\" ><div class=\"rbs-img-thumbs\"  data-thumbnail=\"https:\/\/archikouidich.com\/wp-content\/uploads\/2023\/11\/rendu-final-02-1-600x1024.jpg\"  title=\"rendu final 02\"  data-width=\"600\"  data-height=\"1024\" ><\/div><div class=\"rbs-img-data-popup\"  data-popup=\"https:\/\/archikouidich.com\/wp-content\/uploads\/2023\/11\/rendu-final-02-1-scaled.jpg\"  title=\"rendu final 02\" ><\/div><div class=\"thumbnail-overlay\"><\/div><\/div><\/div><div class=\"rbs-img  category288\" ><div class=\"rbs-img-image\" ><div class=\"rbs-img-thumbs\"  data-thumbnail=\"https:\/\/archikouidich.com\/wp-content\/uploads\/2023\/11\/rendu-final-1-600x1024.jpg\"  title=\"rendu final\"  data-width=\"600\"  data-height=\"1024\" ><\/div><div class=\"rbs-img-data-popup\"  data-popup=\"https:\/\/archikouidich.com\/wp-content\/uploads\/2023\/11\/rendu-final-1.jpg\"  title=\"rendu final\" ><\/div><div class=\"thumbnail-overlay\"><\/div><\/div><\/div><div class=\"rbs-img  category288\" ><div class=\"rbs-img-image\" ><div class=\"rbs-img-thumbs\"  data-thumbnail=\"https:\/\/archikouidich.com\/wp-content\/uploads\/2023\/11\/VUE-ESSANAOUBER-440-1-600x1024.png\"  title=\"VUE ESSANAOUBER 440\"  data-width=\"600\"  data-height=\"1024\" ><\/div><div class=\"rbs-img-data-popup\"  data-popup=\"https:\/\/archikouidich.com\/wp-content\/uploads\/2023\/11\/VUE-ESSANAOUBER-440-1.png\"  title=\"VUE ESSANAOUBER 440\" ><\/div><div class=\"thumbnail-overlay\"><\/div><\/div><\/div><\/div><\/div><\/div><script>var rbs_gallery_69d6b81a2fb2d = {\"version\":\"3.2.18\",\"id\":288,\"class\":\"id288\",\"roboGalleryDelay\":1000,\"mainContainer\":\"#robo_gallery_main_block_rbs_gallery_69d6b81a2fb2d\",\"loadingContainer\":\"#rbs_gallery_69d6b81a2fb2d-block-loader\",\"loadingContainerObj\":\"rbs_gallery_69d6b81a2fb2d-block-loader\",\"columnWidth\":\"auto\",\"columns\":3,\"resolutions\":[{\"columnWidth\":\"auto\",\"columns\":3,\"maxWidth\":960},{\"columnWidth\":\"auto\",\"columns\":2,\"maxWidth\":650},{\"columnWidth\":\"auto\",\"columns\":1,\"maxWidth\":450}],\"hideTitle\":true,\"lightboxOptions\":{\"gallery\":{\"enabled\":true,\"tCounter\":\"%curr% of %total%\"}},\"overlayEffect\":\"direction-aware-fade\",\"boxesToLoadStart\":12,\"boxesToLoad\":8,\"waitUntilThumbLoads\":1,\"LoadingWord\":\"Loading...\",\"loadMoreWord\":\"Load More\",\"noMoreEntriesWord\":\"No More Entries\",\"horizontalSpaceBetweenBoxes\":15,\"verticalSpaceBetweenBoxes\":15,\"lazyLoad\":1,\"wrapContainer\":\"#robo-gallery-wrap-rbs_gallery_69d6b81a2fb2d\"};<\/script><\/div>\n\t\t\n<style>\n#text-2228045961 {\n  text-align: center;\n}\n<\/style>\n\t<\/div>","protected":false},"excerpt":{"rendered":"","protected":false},"author":1,"featured_media":0,"parent":0,"menu_order":0,"comment_status":"closed","ping_status":"closed","template":"","meta":{"footnotes":""},"class_list":["post-312","page","type-page","status-publish","hentry"],"_links":{"self":[{"href":"https:\/\/archikouidich.com\/fr\/wp-json\/wp\/v2\/pages\/312","targetHints":{"allow":["GET"]}}],"collection":[{"href":"https:\/\/archikouidich.com\/fr\/wp-json\/wp\/v2\/pages"}],"about":[{"href":"https:\/\/archikouidich.com\/fr\/wp-json\/wp\/v2\/types\/page"}],"author":[{"embeddable":true,"href":"https:\/\/archikouidich.com\/fr\/wp-json\/wp\/v2\/users\/1"}],"replies":[{"embeddable":true,"href":"https:\/\/archikouidich.com\/fr\/wp-json\/wp\/v2\/comments?post=312"}],"version-history":[{"count":4,"href":"https:\/\/archikouidich.com\/fr\/wp-json\/wp\/v2\/pages\/312\/revisions"}],"predecessor-version":[{"id":424,"href":"https:\/\/archikouidich.com\/fr\/wp-json\/wp\/v2\/pages\/312\/revisions\/424"}],"wp:attachment":[{"href":"https:\/\/archikouidich.com\/fr\/wp-json\/wp\/v2\/media?parent=312"}],"curies":[{"name":"wp","href":"https:\/\/api.w.org\/{rel}","templated":true}]}}