{"id":40,"date":"2023-11-02T15:48:45","date_gmt":"2023-11-02T15:48:45","guid":{"rendered":"https:\/\/archikouidich.com\/?page_id=40"},"modified":"2023-11-04T13:54:13","modified_gmt":"2023-11-04T13:54:13","slug":"services","status":"publish","type":"page","link":"https:\/\/archikouidich.com\/fr\/services\/","title":{"rendered":"Nos services"},"content":{"rendered":"<section class=\"section\" id=\"section_1929866027\">\n\t\t<div class=\"bg section-bg fill bg-fill  bg-loaded\" >\n\n\t\t\t\n\t\t\t\n\t\t\t\n\n\t\t<\/div>\n\n\t\t\n\n\t\t<div class=\"section-content relative\">\n\t\t\t\n\n\t<div id=\"text-2798179038\" class=\"text\">\n\t\t\n\n<p><span style=\"color: #d26e4b;\"><strong>PRESTATIONS DE SERVICE<\/strong><\/span><\/p>\n<div class=\"elementor-element elementor-element-3d3cd89 align-center elementor-widget elementor-widget-mae-headings\" data-id=\"3d3cd89\" data-element_type=\"widget\" data-widget_type=\"mae-headings.default\">\n<div class=\"elementor-widget-container\">\n<div class=\"master-heading\">\n<h1 class=\"main-heading\"><span style=\"color: #000000; font-size: 110%;\">Consultez tous nos services<\/span><\/h1>\n<\/div>\n<\/div>\n<\/div>\n\t\t\n<style>\n#text-2798179038 {\n  text-align: center;\n}\n<\/style>\n\t<\/div>\n\t\n<div class=\"row row-large align-middle align-center\"  id=\"row-967942509\">\n\n\n\t<div id=\"col-2063641681\" class=\"col medium-5 small-12 large-5 small-col-first\"  data-animate=\"bounceInRight\">\n\t\t\t\t<div class=\"col-inner box-shadow-5\"  >\n\t\t\t\n\t\t\t\n\n\n  <div class=\"banner has-hover bg-overlay-remove\" id=\"banner-387624187\">\n          <div class=\"banner-inner fill\">\n        <div class=\"banner-bg fill\" >\n            <div class=\"bg fill bg-fill\"><\/div>\n                        <div class=\"overlay\"><\/div>            \n                    <\/div>\n\t\t\n        <div class=\"banner-layers container\">\n            <div class=\"fill banner-link\"><\/div>            \n\n   <div id=\"text-box-719129770\" class=\"text-box banner-layer x50 md-x50 lg-x50 y50 md-y50 lg-y50 res-text\">\n       <div class=\"hover-invert\">                         <div class=\"text-box-content text\">\n              \n              <div class=\"text-inner text-left\">\n                  \n\n\t<div id=\"text-1440018328\" class=\"text\">\n\t\t\n\n<h4><img loading=\"lazy\" decoding=\"async\" class=\"alignnone wp-image-116\" src=\"https:\/\/archikouidich.com\/wp-content\/uploads\/2023\/11\/icon1.svg\" width=\"75\" height=\"75\" \/><span style=\"font-size: 85%;\"><span style=\"color: #000000;\">Architecture <\/span><span style=\"color: #000000;\">Planification<\/span><\/span><\/h4>\n<p><span style=\"color: #000000; font-size: 90%;\">Nous concevons des pi\u00e8ces d'architecture uniques, nos architectes ont \u00e9t\u00e9 reconnus et r\u00e9compens\u00e9s dans le monde entier.<\/span><\/p>\n\t\t\n<style>\n#text-1440018328 {\n  font-size: 1.5rem;\n  line-height: 1.7;\n  text-align: left;\n}\n<\/style>\n\t<\/div>\n\t\n<a class=\"button secondary is-xlarge lowercase expand\"  style=\"border-radius:99px;\">\n    <span>Quote<\/span>\n  <\/a>\n\n\n\n              <\/div>\n           <\/div>\n                     <\/div>       \n<style>\n#text-box-719129770 {\n  width: 95%;\n}\n#text-box-719129770 .text-box-content {\n  font-size: 120%;\n}\n<\/style>\n    <\/div>\n \n\n        <\/div>\n      <\/div>\n\n            \n<style>\n#banner-387624187 {\n  padding-top: 195%;\n}\n#banner-387624187 .bg.bg-loaded {\n  background-image: url(https:\/\/archikouidich.com\/wp-content\/uploads\/2023\/11\/img-service.jpg);\n}\n#banner-387624187 .overlay {\n  background-color: rgb(254, 254, 254);\n}\n@media (min-width:550px) {\n  #banner-387624187 {\n    padding-top: 129%;\n  }\n}\n@media (min-width:850px) {\n  #banner-387624187 {\n    padding-top: 95%;\n  }\n}\n<\/style>\n  <\/div>\n\n\n\n\t\t<\/div>\n\t\t\t\t\t<\/div>\n\n\t\n\n\t<div id=\"col-915718108\" class=\"col medium-5 small-12 large-5 small-col-first\"  data-animate=\"bounceInLeft\">\n\t\t\t\t<div class=\"col-inner box-shadow-5\"  >\n\t\t\t\n\t\t\t\n\n\n  <div class=\"banner has-hover bg-overlay-remove\" id=\"banner-613600864\">\n          <div class=\"banner-inner fill\">\n        <div class=\"banner-bg fill\" >\n            <div class=\"bg fill bg-fill\"><\/div>\n                        <div class=\"overlay\"><\/div>            \n                    <\/div>\n\t\t\n        <div class=\"banner-layers container\">\n            <div class=\"fill banner-link\"><\/div>            \n\n   <div id=\"text-box-665010241\" class=\"text-box banner-layer x50 md-x50 lg-x50 y50 md-y50 lg-y50 res-text\">\n       <div class=\"hover-invert\">                         <div class=\"text-box-content text\">\n              \n              <div class=\"text-inner text-left\">\n                  \n\n\t<div id=\"text-1997867285\" class=\"text\">\n\t\t\n\n<h4><span style=\"font-size: 85%; color: #000000;\"><a href=\"https:\/\/archikouidich.com\/wp-content\/uploads\/2023\/11\/pen-tool.svg\"><img loading=\"lazy\" decoding=\"async\" class=\"alignnone wp-image-148\" src=\"https:\/\/archikouidich.com\/wp-content\/uploads\/2023\/11\/pen-tool.svg\" alt=\"\" width=\"75\" height=\"75\" \/><\/a>Interior Design<\/span><\/h4>\n<p><span style=\"color: #000000; font-size: 90%;\">Nos projets de la maquette \u00e0 l'installation sont de la plus haute qualit\u00e9, nous obtiendrons de nombreuses r\u00e9compenses pour vous.<\/span><\/p>\n\t\t\n<style>\n#text-1997867285 {\n  font-size: 1.5rem;\n  line-height: 1.7;\n  text-align: left;\n}\n<\/style>\n\t<\/div>\n\t\n<a class=\"button secondary is-xlarge lowercase expand\"  style=\"border-radius:99px;\">\n    <span>Quote<\/span>\n  <\/a>\n\n\n\n              <\/div>\n           <\/div>\n                     <\/div>       \n<style>\n#text-box-665010241 {\n  width: 95%;\n}\n#text-box-665010241 .text-box-content {\n  font-size: 120%;\n}\n<\/style>\n    <\/div>\n \n\n        <\/div>\n      <\/div>\n\n            \n<style>\n#banner-613600864 {\n  padding-top: 195%;\n}\n#banner-613600864 .bg.bg-loaded {\n  background-image: url(https:\/\/archikouidich.com\/wp-content\/uploads\/2023\/11\/fotor_2023-4-14_11_14_12.jpg);\n}\n#banner-613600864 .overlay {\n  background-color: rgb(254, 254, 254);\n}\n@media (min-width:550px) {\n  #banner-613600864 {\n    padding-top: 129%;\n  }\n}\n@media (min-width:850px) {\n  #banner-613600864 {\n    padding-top: 95%;\n  }\n}\n<\/style>\n  <\/div>\n\n\n\n\t\t<\/div>\n\t\t\t\t\t<\/div>\n\n\t\n\n<\/div>\n<div class=\"row row-large align-middle align-center\"  id=\"row-686643375\">\n\n\n\t<div id=\"col-1205798879\" class=\"col medium-5 small-12 large-5 small-col-first\"  data-animate=\"bounceInRight\">\n\t\t\t\t<div class=\"col-inner box-shadow-5\"  >\n\t\t\t\n\t\t\t\n\n\n  <div class=\"banner has-hover bg-overlay-remove\" id=\"banner-304276689\">\n          <div class=\"banner-inner fill\">\n        <div class=\"banner-bg fill\" >\n            <div class=\"bg fill bg-fill\"><\/div>\n                        <div class=\"overlay\"><\/div>            \n                    <\/div>\n\t\t\n        <div class=\"banner-layers container\">\n            <div class=\"fill banner-link\"><\/div>            \n\n   <div id=\"text-box-913491755\" class=\"text-box banner-layer x50 md-x50 lg-x50 y50 md-y50 lg-y50 res-text\">\n       <div class=\"hover-invert\">                         <div class=\"text-box-content text\">\n              \n              <div class=\"text-inner text-left\">\n                  \n\n\t<div id=\"text-1893129561\" class=\"text\">\n\t\t\n\n<h4><span style=\"color: #000000;\"><span style=\"font-size: 85%;\"><a href=\"https:\/\/archikouidich.com\/wp-content\/uploads\/2023\/11\/landscape.svg\"><img loading=\"lazy\" decoding=\"async\" class=\"alignnone  wp-image-149\" src=\"https:\/\/archikouidich.com\/wp-content\/uploads\/2023\/11\/landscape.svg\" alt=\"\" width=\"75\" height=\"75\" \/><\/a> Paysage <\/span><span style=\"font-size: 85%;\">Conception<\/span><\/span><\/h4>\n<p><span style=\"color: #000000; font-size: 90%;\">Nous avons con\u00e7u des paysages magnifiques et uniques. Nous pouvons vous aider \u00e0 en concevoir un.<\/span><\/p>\n\t\t\n<style>\n#text-1893129561 {\n  font-size: 1.5rem;\n  line-height: 1.7;\n  text-align: left;\n}\n<\/style>\n\t<\/div>\n\t\n<a class=\"button secondary is-xlarge lowercase expand\"  style=\"border-radius:99px;\">\n    <span>Quote<\/span>\n  <\/a>\n\n\n\n              <\/div>\n           <\/div>\n                     <\/div>       \n<style>\n#text-box-913491755 {\n  width: 95%;\n}\n#text-box-913491755 .text-box-content {\n  font-size: 120%;\n}\n<\/style>\n    <\/div>\n \n\n        <\/div>\n      <\/div>\n\n            \n<style>\n#banner-304276689 {\n  padding-top: 195%;\n}\n#banner-304276689 .bg.bg-loaded {\n  background-image: url(https:\/\/archikouidich.com\/wp-content\/uploads\/2023\/11\/fotor_2023-4-14_11_31_19.jpg);\n}\n#banner-304276689 .overlay {\n  background-color: rgb(254, 254, 254);\n}\n@media (min-width:550px) {\n  #banner-304276689 {\n    padding-top: 129%;\n  }\n}\n@media (min-width:850px) {\n  #banner-304276689 {\n    padding-top: 95%;\n  }\n}\n<\/style>\n  <\/div>\n\n\n\n\t\t<\/div>\n\t\t\t\t\t<\/div>\n\n\t\n\n\t<div id=\"col-760526303\" class=\"col medium-5 small-12 large-5 small-col-first\"  data-animate=\"bounceInLeft\">\n\t\t\t\t<div class=\"col-inner box-shadow-5\"  >\n\t\t\t\n\t\t\t\n\n\n  <div class=\"banner has-hover bg-overlay-remove\" id=\"banner-532965055\">\n          <div class=\"banner-inner fill\">\n        <div class=\"banner-bg fill\" >\n            <div class=\"bg fill bg-fill\"><\/div>\n                        <div class=\"overlay\"><\/div>            \n                    <\/div>\n\t\t\n        <div class=\"banner-layers container\">\n            <div class=\"fill banner-link\"><\/div>            \n\n   <div id=\"text-box-1538948765\" class=\"text-box banner-layer x50 md-x50 lg-x50 y50 md-y50 lg-y50 res-text\">\n       <div class=\"hover-invert\">                         <div class=\"text-box-content text\">\n              \n              <div class=\"text-inner text-left\">\n                  \n\n\t<div id=\"text-739474204\" class=\"text\">\n\t\t\n\n<h4><span style=\"font-size: 85%; color: #000000;\"><a href=\"https:\/\/archikouidich.com\/wp-content\/uploads\/2023\/11\/mement.svg\"><img loading=\"lazy\" decoding=\"async\" class=\"alignnone  wp-image-150\" src=\"https:\/\/archikouidich.com\/wp-content\/uploads\/2023\/11\/mement.svg\" alt=\"\" width=\"75\" height=\"75\" \/><\/a>Fa\u00e7ade ext\u00e9rieure<\/span><\/h4>\n<p><span style=\"color: #000000; font-size: 90%;\">Nos projets de la maquette \u00e0 l'installation sont de la plus haute qualit\u00e9, nous obtiendrons de nombreuses r\u00e9compenses pour vous.<\/span><\/p>\n\t\t\n<style>\n#text-739474204 {\n  font-size: 1.5rem;\n  line-height: 1.7;\n  text-align: left;\n}\n<\/style>\n\t<\/div>\n\t\n<a class=\"button secondary is-xlarge lowercase expand\"  style=\"border-radius:99px;\">\n    <span>Quote<\/span>\n  <\/a>\n\n\n\n              <\/div>\n           <\/div>\n                     <\/div>       \n<style>\n#text-box-1538948765 {\n  width: 95%;\n}\n#text-box-1538948765 .text-box-content {\n  font-size: 120%;\n}\n<\/style>\n    <\/div>\n \n\n        <\/div>\n      <\/div>\n\n            \n<style>\n#banner-532965055 {\n  padding-top: 195%;\n}\n#banner-532965055 .bg.bg-loaded {\n  background-image: url(https:\/\/archikouidich.com\/wp-content\/uploads\/2023\/11\/modern-exterior-modern-house-architects-img88f16e890f5cb881_14-9565-1-71575dd.jpg);\n}\n#banner-532965055 .overlay {\n  background-color: rgb(254, 254, 254);\n}\n#banner-532965055 .bg {\n  background-position: 2% 55%;\n}\n@media (min-width:550px) {\n  #banner-532965055 {\n    padding-top: 129%;\n  }\n}\n@media (min-width:850px) {\n  #banner-532965055 {\n    padding-top: 95%;\n  }\n}\n<\/style>\n  <\/div>\n\n\n\n\t\t<\/div>\n\t\t\t\t\t<\/div>\n\n\t\n\n<\/div>\n<div class=\"row row-large align-middle align-center\"  id=\"row-1860199043\">\n\n\n\t<div id=\"col-893893147\" class=\"col medium-5 small-12 large-5 small-col-first\"  data-animate=\"bounceInRight\">\n\t\t\t\t<div class=\"col-inner box-shadow-5\"  >\n\t\t\t\n\t\t\t\n\n\n  <div class=\"banner has-hover bg-overlay-remove\" id=\"banner-2080148664\">\n          <div class=\"banner-inner fill\">\n        <div class=\"banner-bg fill\" >\n            <div class=\"bg fill bg-fill\"><\/div>\n                        <div class=\"overlay\"><\/div>            \n                    <\/div>\n\t\t\n        <div class=\"banner-layers container\">\n            <div class=\"fill banner-link\"><\/div>            \n\n   <div id=\"text-box-1102338392\" class=\"text-box banner-layer x50 md-x50 lg-x50 y50 md-y50 lg-y50 res-text\">\n       <div class=\"hover-invert\">                         <div class=\"text-box-content text\">\n              \n              <div class=\"text-inner text-left\">\n                  \n\n\t<div id=\"text-2243230363\" class=\"text\">\n\t\t\n\n<h4><span style=\"font-size: 90%; color: #000000;\"><a href=\"https:\/\/archikouidich.com\/wp-content\/uploads\/2023\/11\/bikar.svg\"><img loading=\"lazy\" decoding=\"async\" class=\"alignnone  wp-image-151\" src=\"https:\/\/archikouidich.com\/wp-content\/uploads\/2023\/11\/bikar.svg\" alt=\"\" width=\"75\" height=\"75\" \/><\/a> Planification<\/span><\/h4>\n<p><span style=\"color: #000000; font-size: 90%;\">Notre \u00e9quipe d'experts vous aide \u00e0 concevoir la carte et \u00e0 planifier les \u00e9tapes de d\u00e9veloppement pour que votre travail soit effectu\u00e9 de mani\u00e8re professionnelle.<\/span><\/p>\n\t\t\n<style>\n#text-2243230363 {\n  font-size: 1.5rem;\n  line-height: 1.7;\n  text-align: left;\n}\n<\/style>\n\t<\/div>\n\t\n<a class=\"button secondary is-xlarge lowercase expand\"  style=\"border-radius:99px;\">\n    <span>Quote<\/span>\n  <\/a>\n\n\n\n              <\/div>\n           <\/div>\n                     <\/div>       \n<style>\n#text-box-1102338392 {\n  width: 95%;\n}\n#text-box-1102338392 .text-box-content {\n  font-size: 120%;\n}\n<\/style>\n    <\/div>\n \n\n        <\/div>\n      <\/div>\n\n            \n<style>\n#banner-2080148664 {\n  padding-top: 195%;\n}\n#banner-2080148664 .bg.bg-loaded {\n  background-image: url(https:\/\/archikouidich.com\/wp-content\/uploads\/2023\/11\/gallery-10-1.jpg);\n}\n#banner-2080148664 .overlay {\n  background-color: rgb(254, 254, 254);\n}\n#banner-2080148664 .bg {\n  background-position: 0% 84%;\n}\n@media (min-width:550px) {\n  #banner-2080148664 {\n    padding-top: 129%;\n  }\n}\n@media (min-width:850px) {\n  #banner-2080148664 {\n    padding-top: 95%;\n  }\n}\n<\/style>\n  <\/div>\n\n\n\n\t\t<\/div>\n\t\t\t\t\t<\/div>\n\n\t\n\n\t<div id=\"col-1311475025\" class=\"col medium-5 small-12 large-5 small-col-first\"  data-animate=\"bounceInLeft\">\n\t\t\t\t<div class=\"col-inner box-shadow-5\"  >\n\t\t\t\n\t\t\t\n\n\n  <div class=\"banner has-hover bg-overlay-remove\" id=\"banner-101445799\">\n          <div class=\"banner-inner fill\">\n        <div class=\"banner-bg fill\" >\n            <div class=\"bg fill bg-fill\"><\/div>\n                        <div class=\"overlay\"><\/div>            \n                    <\/div>\n\t\t\n        <div class=\"banner-layers container\">\n            <div class=\"fill banner-link\"><\/div>            \n\n   <div id=\"text-box-665897433\" class=\"text-box banner-layer x50 md-x50 lg-x50 y50 md-y50 lg-y50 res-text\">\n       <div class=\"hover-invert\">                         <div class=\"text-box-content text\">\n              \n              <div class=\"text-inner text-left\">\n                  \n\n\t<div id=\"text-2813178180\" class=\"text\">\n\t\t\n\n<h4><span style=\"font-size: 90%; color: #000000;\"><a href=\"https:\/\/archikouidich.com\/wp-content\/uploads\/2023\/11\/idea.svg\"><img loading=\"lazy\" decoding=\"async\" class=\"alignnone  wp-image-152\" src=\"https:\/\/archikouidich.com\/wp-content\/uploads\/2023\/11\/idea.svg\" alt=\"\" width=\"75\" height=\"75\" \/><\/a> Projets cl\u00e9 en main<\/span><\/h4>\n<p><span style=\"color: #000000; font-size: 90%;\">Nous utilisons des outils technologiques de derni\u00e8re g\u00e9n\u00e9ration pour cr\u00e9er et planifier l'ensemble de votre projet du d\u00e9but \u00e0 la fin.<\/span><\/p>\n\t\t\n<style>\n#text-2813178180 {\n  font-size: 1.5rem;\n  line-height: 1.7;\n  text-align: left;\n}\n<\/style>\n\t<\/div>\n\t\n<a class=\"button secondary is-xlarge lowercase expand\"  style=\"border-radius:99px;\">\n    <span>Quote<\/span>\n  <\/a>\n\n\n\n              <\/div>\n           <\/div>\n                     <\/div>       \n<style>\n#text-box-665897433 {\n  width: 95%;\n}\n#text-box-665897433 .text-box-content {\n  font-size: 120%;\n}\n<\/style>\n    <\/div>\n \n\n        <\/div>\n      <\/div>\n\n            \n<style>\n#banner-101445799 {\n  padding-top: 195%;\n}\n#banner-101445799 .bg.bg-loaded {\n  background-image: url(https:\/\/archikouidich.com\/wp-content\/uploads\/2023\/11\/fotor_2023-4-14_11_6_24.jpg);\n}\n#banner-101445799 .overlay {\n  background-color: rgb(254, 254, 254);\n}\n#banner-101445799 .bg {\n  background-position: 65% 0%;\n}\n@media (min-width:550px) {\n  #banner-101445799 {\n    padding-top: 129%;\n  }\n}\n@media (min-width:850px) {\n  #banner-101445799 {\n    padding-top: 95%;\n  }\n}\n<\/style>\n  <\/div>\n\n\n\n\t\t<\/div>\n\t\t\t\t\t<\/div>\n\n\t\n\n<\/div>\n\n\t\t<\/div>\n\n\t\t\n<style>\n#section_1929866027 {\n  padding-top: 30px;\n  padding-bottom: 30px;\n}\n<\/style>\n\t<\/section>","protected":false},"excerpt":{"rendered":"","protected":false},"author":1,"featured_media":0,"parent":0,"menu_order":0,"comment_status":"closed","ping_status":"closed","template":"page-blank.php","meta":{"footnotes":""},"class_list":["post-40","page","type-page","status-publish","hentry"],"_links":{"self":[{"href":"https:\/\/archikouidich.com\/fr\/wp-json\/wp\/v2\/pages\/40","targetHints":{"allow":["GET"]}}],"collection":[{"href":"https:\/\/archikouidich.com\/fr\/wp-json\/wp\/v2\/pages"}],"about":[{"href":"https:\/\/archikouidich.com\/fr\/wp-json\/wp\/v2\/types\/page"}],"author":[{"embeddable":true,"href":"https:\/\/archikouidich.com\/fr\/wp-json\/wp\/v2\/users\/1"}],"replies":[{"embeddable":true,"href":"https:\/\/archikouidich.com\/fr\/wp-json\/wp\/v2\/comments?post=40"}],"version-history":[{"count":4,"href":"https:\/\/archikouidich.com\/fr\/wp-json\/wp\/v2\/pages\/40\/revisions"}],"predecessor-version":[{"id":170,"href":"https:\/\/archikouidich.com\/fr\/wp-json\/wp\/v2\/pages\/40\/revisions\/170"}],"wp:attachment":[{"href":"https:\/\/archikouidich.com\/fr\/wp-json\/wp\/v2\/media?parent=40"}],"curies":[{"name":"wp","href":"https:\/\/api.w.org\/{rel}","templated":true}]}}